{"id":41,"date":"2018-05-30T22:06:19","date_gmt":"2018-05-30T20:06:19","guid":{"rendered":"https:\/\/nouvellevie.badabam.net\/?page_id=41"},"modified":"2018-06-30T01:59:36","modified_gmt":"2018-06-29T23:59:36","slug":"description-de-la-maladie","status":"publish","type":"page","link":"https:\/\/nouvellevie.badabam.net\/?page_id=41","title":{"rendered":"Description de la maladie"},"content":{"rendered":"<header class=\"entry-header\">\n<h1 class=\"entry-title\">Description de la\u00a0maladie<\/h1>\n<\/header>\n<div class=\"entry-content\">\n<p>Les sp\u00e9cialistes sur ma maladie rare travaillent depuis des ann\u00e9es \u00e0 l\u2019h\u00f4pital Pompidou (o\u00f9 je suis suivie). Si vous voulez en savoir davantage sur ma maladie, vous pouvez aller consulter ces 2 sites :<\/p>\n<p><a href=\"http:\/\/www.filiereorkid.com\/gitelman\/\" rel=\"nofollow\">http:\/\/www.filiereorkid.com\/gitelman\/<\/a><\/p>\n<p><a href=\"http:\/\/www.filiereorkid.com\/bartter\/\" rel=\"nofollow\">http:\/\/www.filiereorkid.com\/bartter\/<\/a><\/p>\n<p>Que faut-il retenir ?<\/p>\n<p>\u2013 Cette maladie est rare : environ 160 personnes en France (c&rsquo;est tr\u00e8s tr\u00e8s peu)<\/p>\n<p>\u2013 D\u00e9faut de capacit\u00e9 du rein \u00e0 absorber le magn\u00e9sium, sodium, potassium.<\/p>\n<p>\u2013 Dans le rein, au niveau du n\u00e9phron (unit\u00e9 fonctionnelle), il y a 2 parties : glom\u00e9rule (filtre le sang) et tubule (r\u00e9cup\u00e8re vers le sang les \u00e9l\u00e9ments n\u00e9cessaires pour l\u2019organisme et \u00e9limine dans les urines l\u2019eau\/ d\u00e9chets\u2026). La quasi totalit\u00e9 du sel filtr\u00e9 (99%) est r\u00e9absorb\u00e9 dans les diff\u00e9rents segments du tubule r\u00e9nal gr\u00e2ce \u00e0 des transporteurs de sel. Ces transporteurs varient d\u2019un bout \u00e0 l\u2019autre du tubule r\u00e9nal et sont fabriqu\u00e9s par les cellules \u00e0 partir d\u2019un fragment de chromosome qui contient la recette g\u00e9n\u00e9tique de ce transporteur, appel\u00e9 g\u00e8ne.<\/p>\n<p>\u2013 Dans cette maladie il y a une mutation dans le g\u00e8ne qui code pour ces transporteurs. C\u2019est pour cette raison qu\u2019on ne gu\u00e9rit pas cette maladie. Il faut imaginer le rein comme une boucle qui est d\u00e9r\u00e9gl\u00e9e et tout commence par le sel qui est \u00e9limin\u00e9 :<\/p>\n<p><img decoding=\"async\" loading=\"lazy\" class=\"alignnone wp-image-119\" src=\"https:\/\/nouvellevie.badabam.net\/wp-content\/uploads\/2018\/06\/Sans-titre-300x190.png\" alt=\"\" width=\"439\" height=\"278\" srcset=\"https:\/\/nouvellevie.badabam.net\/wp-content\/uploads\/2018\/06\/Sans-titre-300x190.png 300w, https:\/\/nouvellevie.badabam.net\/wp-content\/uploads\/2018\/06\/Sans-titre-768x485.png 768w, https:\/\/nouvellevie.badabam.net\/wp-content\/uploads\/2018\/06\/Sans-titre-1024x647.png 1024w, https:\/\/nouvellevie.badabam.net\/wp-content\/uploads\/2018\/06\/Sans-titre.png 1839w\" sizes=\"(max-width: 439px) 100vw, 439px\" \/><\/p>\n<p>Finissons sur une vid\u00e9o pour comprendre l&rsquo;importance du rein dans notre corps : <a href=\"https:\/\/youtu.be\/Fe8RMychBFY?t=12m34s\">https:\/\/youtu.be\/Fe8RMychBFY?t=12m34s<\/a><\/p>\n<p><a href=\"https:\/\/youtu.be\/Fe8RMychBFY?t=17m43s\">https:\/\/youtu.be\/Fe8RMychBFY?t=17m43\u00a0<\/a> \u00ab\u00a0manque de sel\u00a0\u00bb et c&rsquo;est l\u00e0 o\u00f9 \u00e7a ne fonctionne pas pour moi \ud83d\ude00 et \u00e7a n\u2019ex\u00e9cute pas \ud83d\ude00 et \u00e9tant donn\u00e9 que tout fonctionne comme une balance&#8230; manque de sel, donc manque de potassium, donc manque de magn\u00e9sium&#8230;<\/p>\n<\/div>\n","protected":false},"excerpt":{"rendered":"<p>Description de la\u00a0maladie Les sp\u00e9cialistes sur ma maladie rare travaillent depuis des ann\u00e9es \u00e0 l\u2019h\u00f4pital Pompidou (o\u00f9 je suis suivie). Si vous voulez en savoir davantage sur ma maladie, vous pouvez aller consulter ces 2 sites : http:\/\/www.filiereorkid.com\/gitelman\/ http:\/\/www.filiereorkid.com\/bartter\/ Que faut-il retenir ? \u2013 Cette maladie est rare : environ 160 personnes en France (c&rsquo;est &hellip; <\/p>\n<p class=\"link-more\"><a href=\"https:\/\/nouvellevie.badabam.net\/?page_id=41\" class=\"more-link\">Continuer la lecture<span class=\"screen-reader-text\"> de &laquo;&nbsp;Description de la maladie&nbsp;&raquo;<\/span><\/a><\/p>\n","protected":false},"author":1,"featured_media":0,"parent":0,"menu_order":0,"comment_status":"closed","ping_status":"closed","template":"","meta":[],"_links":{"self":[{"href":"https:\/\/nouvellevie.badabam.net\/index.php?rest_route=\/wp\/v2\/pages\/41"}],"collection":[{"href":"https:\/\/nouvellevie.badabam.net\/index.php?rest_route=\/wp\/v2\/pages"}],"about":[{"href":"https:\/\/nouvellevie.badabam.net\/index.php?rest_route=\/wp\/v2\/types\/page"}],"author":[{"embeddable":true,"href":"https:\/\/nouvellevie.badabam.net\/index.php?rest_route=\/wp\/v2\/users\/1"}],"replies":[{"embeddable":true,"href":"https:\/\/nouvellevie.badabam.net\/index.php?rest_route=%2Fwp%2Fv2%2Fcomments&post=41"}],"version-history":[{"count":9,"href":"https:\/\/nouvellevie.badabam.net\/index.php?rest_route=\/wp\/v2\/pages\/41\/revisions"}],"predecessor-version":[{"id":125,"href":"https:\/\/nouvellevie.badabam.net\/index.php?rest_route=\/wp\/v2\/pages\/41\/revisions\/125"}],"wp:attachment":[{"href":"https:\/\/nouvellevie.badabam.net\/index.php?rest_route=%2Fwp%2Fv2%2Fmedia&parent=41"}],"curies":[{"name":"wp","href":"https:\/\/api.w.org\/{rel}","templated":true}]}}