{"id":77,"date":"2018-05-30T23:01:10","date_gmt":"2018-05-30T21:01:10","guid":{"rendered":"https:\/\/nouvellevie.badabam.net\/?page_id=77"},"modified":"2021-07-26T04:34:20","modified_gmt":"2021-07-26T02:34:20","slug":"le-quotidien","status":"publish","type":"page","link":"https:\/\/nouvellevie.badabam.net\/?page_id=77","title":{"rendered":"Le quotidien"},"content":{"rendered":"<p>C&rsquo;est un nouveau quotidien qui s&rsquo;installe. On profite des moments d'\u00a0\u00bbaccalmies\u00a0\u00bb hors p\u00e9riode de crises, rechutes, hypotension qui cloue au lit.\u00a0 Le meilleur m\u00e9dicament ce sont tous les moments de bonheurs avec la famille, les amis, mon amoureux et nos petits \ud83d\ude42<\/p>\n<p>Je maintiens (aujourd\u2019hui en distanciel) une activit\u00e9 relationnelle qui s\u2019est m\u00eame enrichie gr\u00e2ce \u00e0 la cr\u00e9ation d\u2019un tissu associatif porteur d\u2019informations et de soutien sur la maladie-rare causant le handicap.<\/p>\n<p>Je dois donc abuser du sel, du potassium, du magn\u00e9sium et du bonheur \u00e0 haute dose \ud83d\ude42<\/p>\n<p><img decoding=\"async\" loading=\"lazy\" class=\"alignnone size-medium wp-image-78\" src=\"https:\/\/nouvellevie.badabam.net\/wp-content\/uploads\/2018\/05\/7549359b77f94819fae2ed8b83120f4c-300x300.jpg\" alt=\"\" width=\"300\" height=\"300\" srcset=\"https:\/\/nouvellevie.badabam.net\/wp-content\/uploads\/2018\/05\/7549359b77f94819fae2ed8b83120f4c-300x300.jpg 300w, https:\/\/nouvellevie.badabam.net\/wp-content\/uploads\/2018\/05\/7549359b77f94819fae2ed8b83120f4c-150x150.jpg 150w, https:\/\/nouvellevie.badabam.net\/wp-content\/uploads\/2018\/05\/7549359b77f94819fae2ed8b83120f4c-100x100.jpg 100w, https:\/\/nouvellevie.badabam.net\/wp-content\/uploads\/2018\/05\/7549359b77f94819fae2ed8b83120f4c.jpg 564w\" sizes=\"(max-width: 300px) 100vw, 300px\" \/><\/p>\n","protected":false},"excerpt":{"rendered":"<p>C&rsquo;est un nouveau quotidien qui s&rsquo;installe. On profite des moments d&rsquo;\u00a0\u00bbaccalmies\u00a0\u00bb hors p\u00e9riode de crises, rechutes, hypotension qui cloue au lit.\u00a0 Le meilleur m\u00e9dicament ce sont tous les moments de bonheurs avec la famille, les amis, mon amoureux et nos petits \ud83d\ude42 Je maintiens (aujourd\u2019hui en distanciel) une activit\u00e9 relationnelle qui s\u2019est m\u00eame enrichie gr\u00e2ce &hellip; <\/p>\n<p class=\"link-more\"><a href=\"https:\/\/nouvellevie.badabam.net\/?page_id=77\" class=\"more-link\">Continuer la lecture<span class=\"screen-reader-text\"> de &laquo;&nbsp;Le quotidien&nbsp;&raquo;<\/span><\/a><\/p>\n","protected":false},"author":1,"featured_media":0,"parent":0,"menu_order":0,"comment_status":"closed","ping_status":"closed","template":"","meta":[],"_links":{"self":[{"href":"https:\/\/nouvellevie.badabam.net\/index.php?rest_route=\/wp\/v2\/pages\/77"}],"collection":[{"href":"https:\/\/nouvellevie.badabam.net\/index.php?rest_route=\/wp\/v2\/pages"}],"about":[{"href":"https:\/\/nouvellevie.badabam.net\/index.php?rest_route=\/wp\/v2\/types\/page"}],"author":[{"embeddable":true,"href":"https:\/\/nouvellevie.badabam.net\/index.php?rest_route=\/wp\/v2\/users\/1"}],"replies":[{"embeddable":true,"href":"https:\/\/nouvellevie.badabam.net\/index.php?rest_route=%2Fwp%2Fv2%2Fcomments&post=77"}],"version-history":[{"count":3,"href":"https:\/\/nouvellevie.badabam.net\/index.php?rest_route=\/wp\/v2\/pages\/77\/revisions"}],"predecessor-version":[{"id":136,"href":"https:\/\/nouvellevie.badabam.net\/index.php?rest_route=\/wp\/v2\/pages\/77\/revisions\/136"}],"wp:attachment":[{"href":"https:\/\/nouvellevie.badabam.net\/index.php?rest_route=%2Fwp%2Fv2%2Fmedia&parent=77"}],"curies":[{"name":"wp","href":"https:\/\/api.w.org\/{rel}","templated":true}]}}