{"id":83,"date":"2018-05-30T23:14:30","date_gmt":"2018-05-30T21:14:30","guid":{"rendered":"https:\/\/nouvellevie.badabam.net\/?page_id=83"},"modified":"2019-12-15T00:30:31","modified_gmt":"2019-12-14T23:30:31","slug":"association-de-patients","status":"publish","type":"page","link":"https:\/\/nouvellevie.badabam.net\/?page_id=83","title":{"rendered":"Association de patients"},"content":{"rendered":"<p>J&rsquo;ai suivi les conseils de ma n\u00e9phrologue et je me suis mise en contact avec <strong>un groupe de patients sur facebook accessible en cliquant <a href=\"https:\/\/www.facebook.com\/search\/top\/?q=syndrome%20de%20gitelman%2Fbartter%20(groupe%20fran%C3%A7ais)&amp;epa=SEARCH_BOX\">ICI<\/a><br \/>\n<\/strong><\/p>\n<p>Ce groupe m&rsquo;aide \u00e9norm\u00e9ment, mais nous nous sommes rendus compte que tous n&rsquo;avaient pas Facebook, et qu&rsquo;il manquait une association sur notre maladie en particulier, et c&rsquo;est comme \u00e7a qu&rsquo;est n\u00e9e l&rsquo;id\u00e9e de cr\u00e9er une association sp\u00e9cifique aux syndromes de Bartter et Gitelman. Elle s&rsquo;appelle GITELBART et elle est accessible en cliquant <a href=\"http:\/\/www.gitelbart.fr\">ICI<\/a><\/p>\n<p>Cela aide \u00e9norm\u00e9ment de pouvoir parler de cette maladie si complexe, d&rsquo;\u00e9changer sur toutes ces douleurs <em>(paresth\u00e9sie des membres, fourmillement, douleurs du potassium sous perfusion, sensation \u00ab\u00a0d&rsquo;\u00e9lectricit\u00e9\u00a0\u00bb dans les jambes, vertiges&#8230;).<\/em> On \u00e9change, on s&rsquo;\u00e9coute, on se comprend, on est d\u00e9sol\u00e9 pour l&rsquo;autre, on se donne des conseils<em> (bain chaud, repos, s&rsquo;\u00e9couter, se reposer&#8230;).<\/em> Je d\u00e9couvre une mine d&rsquo;information, de conseils et celui qui me sauve avec ces chaleurs c&rsquo;est le cocktail \u00ab\u00a0magique\u00a0\u00bb : <strong>citron + eau p\u00e9tillante + sel.<\/strong><\/p>\n<p><img decoding=\"async\" loading=\"lazy\" class=\"alignnone size-medium wp-image-84\" src=\"https:\/\/nouvellevie.badabam.net\/wp-content\/uploads\/2018\/05\/lemon-1710644_1920-300x202.jpg\" alt=\"\" width=\"300\" height=\"202\" srcset=\"https:\/\/nouvellevie.badabam.net\/wp-content\/uploads\/2018\/05\/lemon-1710644_1920-300x202.jpg 300w, https:\/\/nouvellevie.badabam.net\/wp-content\/uploads\/2018\/05\/lemon-1710644_1920-768x516.jpg 768w, https:\/\/nouvellevie.badabam.net\/wp-content\/uploads\/2018\/05\/lemon-1710644_1920-1024x689.jpg 1024w, https:\/\/nouvellevie.badabam.net\/wp-content\/uploads\/2018\/05\/lemon-1710644_1920.jpg 1920w\" sizes=\"(max-width: 300px) 100vw, 300px\" \/><\/p>\n","protected":false},"excerpt":{"rendered":"<p>J&rsquo;ai suivi les conseils de ma n\u00e9phrologue et je me suis mise en contact avec un groupe de patients sur facebook accessible en cliquant ICI Ce groupe m&rsquo;aide \u00e9norm\u00e9ment, mais nous nous sommes rendus compte que tous n&rsquo;avaient pas Facebook, et qu&rsquo;il manquait une association sur notre maladie en particulier, et c&rsquo;est comme \u00e7a qu&rsquo;est &hellip; <\/p>\n<p class=\"link-more\"><a href=\"https:\/\/nouvellevie.badabam.net\/?page_id=83\" class=\"more-link\">Continuer la lecture<span class=\"screen-reader-text\"> de &laquo;&nbsp;Association de patients&nbsp;&raquo;<\/span><\/a><\/p>\n","protected":false},"author":1,"featured_media":0,"parent":0,"menu_order":0,"comment_status":"closed","ping_status":"closed","template":"","meta":[],"_links":{"self":[{"href":"https:\/\/nouvellevie.badabam.net\/index.php?rest_route=\/wp\/v2\/pages\/83"}],"collection":[{"href":"https:\/\/nouvellevie.badabam.net\/index.php?rest_route=\/wp\/v2\/pages"}],"about":[{"href":"https:\/\/nouvellevie.badabam.net\/index.php?rest_route=\/wp\/v2\/types\/page"}],"author":[{"embeddable":true,"href":"https:\/\/nouvellevie.badabam.net\/index.php?rest_route=\/wp\/v2\/users\/1"}],"replies":[{"embeddable":true,"href":"https:\/\/nouvellevie.badabam.net\/index.php?rest_route=%2Fwp%2Fv2%2Fcomments&post=83"}],"version-history":[{"count":4,"href":"https:\/\/nouvellevie.badabam.net\/index.php?rest_route=\/wp\/v2\/pages\/83\/revisions"}],"predecessor-version":[{"id":130,"href":"https:\/\/nouvellevie.badabam.net\/index.php?rest_route=\/wp\/v2\/pages\/83\/revisions\/130"}],"wp:attachment":[{"href":"https:\/\/nouvellevie.badabam.net\/index.php?rest_route=%2Fwp%2Fv2%2Fmedia&parent=83"}],"curies":[{"name":"wp","href":"https:\/\/api.w.org\/{rel}","templated":true}]}}